{"id":1788,"date":"2020-07-29T20:55:14","date_gmt":"2020-07-29T23:55:14","guid":{"rendered":"https:\/\/tienda.grantotem.com\/?page_id=1788"},"modified":"2020-07-29T20:55:17","modified_gmt":"2020-07-29T23:55:17","slug":"politica-de-cookies","status":"publish","type":"page","link":"https:\/\/tienda.grantotem.com\/en\/politica-de-cookies\/","title":{"rendered":"Cookie policy"},"content":{"rendered":"<p>En la Pol\u00edtica de Cookies de GRAN T\u00d3TEM, cumplimos con avisarte que este sitio puede recolectar informaci\u00f3n en forma autom\u00e1tica al utilizar cookies, es por esto que solicitamos con confirmaci\u00f3n y te pedimos que leas atentamente tanto las pol\u00edticas de cookies como las <a href=\"https:\/\/tienda.grantotem.com\/en\/politica-privacidad\/\">pol\u00edticas de privacidad<\/a>, para que puedas disfrutar del contenido con total tranquilidad.<br><br>En la Pol\u00edtica de Cookies de GRAN T\u00d3TEM, buscamos ser trasparentes, como a vos te gusta!<\/p>\n\n\n\n<h2 class=\"wp-block-heading\">\u00bfQue son las Cookies?<\/h2>\n\n\n\n<p>Las cookies constituyen una herramienta empleada por los servidores Web para almacenar y recuperar informaci\u00f3n acerca de sus visitantes. No es m\u00e1s que un fichero de texto que algunos servidores piden a nuestro navegador que escriba en nuestro disco duro, con informaci\u00f3n acerca de lo que hemos estado haciendo por sus p\u00e1ginas. Poseen una fecha de caducidad, que puede oscilar desde el tiempo que dure la sesi\u00f3n hasta una fecha futura especificada, a partir de la cual dejan de ser operativa.<\/p>\n\n\n\n<h2 class=\"wp-block-heading\"><strong>Para que utilizamos cookies<\/strong><\/h2>\n\n\n\n<p><strong>Las cookies de esta web ayudan a:<\/strong><\/p>\n\n\n\n<ul class=\"wp-block-list\"><li>Hacer que esta web funcione correctamente<\/li><li>Ahorrarle el tener que iniciar sesi\u00f3n cada vez que visitas este sitio<\/li><li>Recordarte tus ajustes durante y entre las visitas<\/li><li>Permitirte visualizar videos<\/li><li>Mejorar la velocidad \/ seguridad del sitio<\/li><li>Que pueda compartir p\u00e1ginas con redes sociales<\/li><li>Mejorar continuamente de este sitio web<\/li><li>Mostrarte anuncios en funci\u00f3n de tus h\u00e1bitos de navegaci\u00f3n.<\/li><\/ul>\n\n\n\n<p><strong>No utilizaremos jam\u00e1s cookies para:<\/strong><\/p>\n\n\n\n<ul class=\"wp-block-list\"><li>Recoger informaci\u00f3n de identificaci\u00f3n personal (sin tu permiso expreso)<\/li><li>Recoger informaci\u00f3n sensible (sin tu permiso expreso)<\/li><li>Compartir datos de identificaci\u00f3n personal a terceros<\/li><\/ul>\n\n\n\n<p>Como usuario, puedes rechazar el tratamiento de los datos o la informaci\u00f3n bloqueando estas cookies mediante la configuraci\u00f3n apropiada de tu navegador. Sin embargo, debes saber que, si lo haces, este sitio no funcione adecuadamente. Al entrar al sitio, si contin\u00faas navegando,&nbsp;<strong>estar\u00e1s prestando tu consentimiento<\/strong>&nbsp;para el empleo de las cookies que detallo a continuaci\u00f3n.<\/p>\n\n\n\n<h2 class=\"wp-block-heading\">Que tipos de cookies podrian ser utilizadas.<\/h2>\n\n\n\n<h3 class=\"wp-block-heading\"><strong>Cookies propias:<\/strong><\/h3>\n\n\n\n<ul class=\"wp-block-list\"><li>Cookies de almacenamiento de sesi\u00f3n, para garantizar que los usuarios que escriban comentarios en el blog sean humanos y no aplicaciones automatizadas. De esta forma se combate el&nbsp;<em>spam<\/em>. Estas cookies se borran cuando dejas de navegar en nuestra web o, en el caso de tener la sesi\u00f3n activa, adem\u00e1s cierres sesi\u00f3n.<\/li><li>Cookies de almacenamiento local: Para mantener sesiones abiertas y el propio consentimiento de cookies guardado.<\/li><li>Otras cookies:<\/li><\/ul>\n\n\n\n<p>Debes conocer que teniendo en cuenta la forma en la que funciona Internet y los sitios web,&nbsp;no siempre es posible contar con informaci\u00f3n actualizada de todas las cookies que terceras partes puedan utilizar a trav\u00e9s de este sitio web, pero vamos a ofrecerte un listado lo m\u00e1s completo posible de las mismas y en caso de que lo consideres necesario, puedes revisarlas el candadito que est\u00e1 a la izquierda de la URL del site (en Chrome, por ejemplo) e informarnos sobre alguna adicional.<\/p>\n\n\n\n<figure class=\"wp-block-table\"><table><tbody><tr><td><strong><span style=\"text-decoration: underline;\">Cookie<\/span><\/strong><\/td><td><strong><span style=\"text-decoration: underline;\">Dominio<\/span><\/strong><\/td><\/tr><tr><td>chaty_settings<\/td><td>grantotem.com<\/td><\/tr><tr><td>cookies.js<\/td><td>grantotem.com<\/td><\/tr><tr><td>tk_lr<\/td><td>grantotem.com<\/td><\/tr><tr><td>tk_or<\/td><td>grantotem.com<\/td><\/tr><tr><td>tk_r3d<\/td><td>grantotem.com<\/td><\/tr><tr><td>tk_rl<\/td><td>grantotem.com<\/td><\/tr><tr><td>tk_ro<\/td><td>grantotem.com<\/td><\/tr><tr><td>tk_tc<\/td><td>grantotem.com<\/td><\/tr><\/tbody><\/table><\/figure>\n\n\n\n<h3 class=\"wp-block-heading\"><strong>Cookies de terceros:<\/strong><\/h3>\n\n\n\n<p>Esta web, como la mayor\u00eda de sitios web, incluye funcionalidades proporcionadas por terceros, por lo tanto en la pol\u00edtica de cookies de GRAN T\u00d3TEM cumplimos con mensionarlas.<\/p>\n\n\n\n<p><strong><span style=\"text-decoration: underline;\">Cookies de an\u00e1lisis:<\/span><\/strong>\u00a0Son recabadas \u00fanicamente por terceros, como por ejemplo Google Analytics, que nos permite cuantificar el n\u00famero de usuarios y as\u00ed realizar la medici\u00f3n y an\u00e1lisis estad\u00edstico de la utilizaci\u00f3n que hacen los usuarios del servicio ofertado. Para ello se analiza su navegaci\u00f3n en nuestra p\u00e1gina web con el fin de mejorar la oferta de productos o servicios que te ofrecemos.<\/p>\n\n\n\n<p><span style=\"text-decoration: underline;\"><strong>Cookies publicitarias<\/strong>:<\/span> Los proveedores, incluido Google Adsense, utilizan cookies para mostrar anuncios relevantes ateni\u00e9ndose las visitas anteriores de un usuario a su sitio web o a otros sitios web. Este sitio puede utilizar google y otros tipos de anuncios.<\/p>\n\n\n\n<p>El usuario puede consultar&nbsp;<a href=\"https:\/\/www.google.es\/intl\/es\/policies\/technologies\/types\/\" target=\"_blank\" rel=\"noreferrer noopener\">aqu\u00ed<\/a>&nbsp;el tipo de cookies utilizadas por Google.<\/p>\n\n\n\n<p>Los usuarios pueden inhabilitar la publicidad personalizada de Google, para ello, deber\u00e1n acceder a&nbsp;<a href=\"https:\/\/www.google.com\/settings\/ads\" target=\"_blank\" rel=\"noreferrer noopener\">Preferencias de anuncios<\/a>.<\/p>\n\n\n\n<p><strong><span style=\"text-decoration: underline;\">Cookies de redes sociales<\/span>:<\/strong>\u00a0Cada red social utiliza sus propias\u00a0<em>cookies<\/em>\u00a0para que usted pueda pinchar en botones del tipo\u00a0<em>Me gusta<\/em>\u00a0o\u00a0<em>Compartir<\/em>. As\u00ed como en comentarios de facebook integrados en algunos de nuestros art\u00edculos.<br><br>En la Pol\u00edtica de Cookies de GRAN T\u00d3TEM, buscamos estas redes para estar mas conectados!<\/p>\n\n\n\n<h2 class=\"wp-block-heading\">Redes Sociales<\/h2>\n\n\n\n<p>A continuaci\u00f3n, se muestran las paginas webs de las pol\u00edticas de privacidad de las redes sociales que podr\u00edan ser utilizadas por esta web.<\/p>\n\n\n\n<ul class=\"wp-block-list\"><li>Instagram:\u00a0<a rel=\"noreferrer noopener\" href=\"https:\/\/help.instagram.com\/1896641480634370?ref=ig\" target=\"_blank\">Pol\u00edtica de cookies<\/a><\/li><li>Facebook:\u00a0<a rel=\"noreferrer noopener\" href=\"https:\/\/www.facebook.com\/help\/cookies?ref_type=sitefooter\" target=\"_blank\">Cookie policy<\/a><\/li><li>Youtube:\u00a0<a rel=\"noreferrer noopener\" href=\"https:\/\/www.google.es\/intl\/es\/policies\/technologies\/cookies\/\" target=\"_blank\">Cookie policy<\/a><\/li><\/ul>\n\n\n\n<p><strong>Otras cookies:<\/strong>&nbsp;para mejorar tu experiencia y funcionalidades utilizamos componentes de terceras partes y prestaciones ofrecidas como los servicios de WordPress. Estas funcionalidades pueden requerir el uso de cookies.<\/p>\n\n\n\n<p>Debes conocer que teniendo en cuenta la forma en la que funciona Internet y los sitios web,&nbsp;no siempre es posible contar con informaci\u00f3n actualizada de todas las cookies que terceras partes puedan utilizar a trav\u00e9s de este sitio web, pero vamos a ofrecerte un listado lo m\u00e1s completo posible de las mismas y en caso de que lo consideres necesario, puedes revisarlas el candadito que est\u00e1 a la izquierda de la URL del site (en Chrome, por ejemplo) e informarnos sobre alguna adicional.<\/p>\n\n\n\n<h3 class=\"wp-block-heading\">Cookies del sitio GRAN T\u00d3TEM<\/h3>\n\n\n\n<figure class=\"wp-block-table\"><table><tbody><tr><td><strong>Cookie<\/strong><\/td><td><strong>Dominio<\/strong><\/td><\/tr><tr><td>DSID<\/td><td>.doubleclick.net<\/td><\/tr><tr><td>IDE<\/td><td>.doubleclick.net<\/td><\/tr><tr><td>1P_JAR<\/td><td>.google.com<\/td><\/tr><tr><td>ANID<\/td><td>.google.com<\/td><\/tr><tr><td>APISID<\/td><td>.google.com<\/td><\/tr><tr><td>HSID<\/td><td>.google.com<\/td><\/tr><tr><td>NID<\/td><td>.google.com<\/td><\/tr><tr><td>SAPISID<\/td><td>.google.com<\/td><\/tr><tr><td>SID<\/td><td>.google.com<\/td><\/tr><tr><td>SIDCC<\/td><td>.google.com<\/td><\/tr><tr><td>SSID<\/td><td>.google.com<\/td><\/tr><tr><td>APISID<\/td><td>.google.com.ar<\/td><\/tr><tr><td>HSID<\/td><td>.google.com.ar<\/td><\/tr><tr><td>NID<\/td><td>.google.com.ar<\/td><\/tr><tr><td>SAPISID<\/td><td>.google.com.ar<\/td><\/tr><tr><td>SID<\/td><td>.google.com.ar<\/td><\/tr><tr><td>SSID<\/td><td>.google.com.ar<\/td><\/tr><\/tbody><\/table><\/figure>\n\n\n\n<h2 class=\"wp-block-heading\">\u00bfComo puedo gestionar y desactivar estas cookies?<\/h2>\n\n\n\n<p>En el caso de que lo desees, cabe la posibilidad de adaptar tu navegador de modo que se te notifique antes de que se descarguen cookies.<\/p>\n\n\n\n<p>Tambi\u00e9n se puede modificar la configuraci\u00f3n del navegador de forma que rechace todas las cookies o \u00fanicamente las cookies de terceros. Tambi\u00e9n puedes eliminar cualquiera de las cookies que ya se encuentren en tu equipo.<\/p>\n\n\n\n<p>Ten en cuenta que tendr\u00e1s que adaptar por separado la configuraci\u00f3n de cada navegador y equipo que utilices.<\/p>\n\n\n\n<p>ESTA WEB&nbsp;&nbsp;pone a disposici\u00f3n de los usuarios que quieran impedir la instalaci\u00f3n de las mencionadas cookies, enlaces facilitados al efecto por navegadores cuyo uso se considera m\u00e1s extendido:<\/p>\n\n\n\n<p><a href=\"https:\/\/support.google.com\/chrome\/bin\/answer.py?hl=es-419&amp;answer=95647\" target=\"_blank\" rel=\"noreferrer noopener\">Google Chrome<\/a>&nbsp;\u2013&nbsp;<a rel=\"noreferrer noopener\" href=\"https:\/\/privacy.microsoft.com\/es-mx\/privacystatement\" target=\"_blank\">Internet Explorer<\/a>&nbsp;\u2013&nbsp;<a href=\"https:\/\/support.mozilla.org\/es\/kb\/habilitar-y-deshabilitar-cookies-que-los-sitios-we\" target=\"_blank\" rel=\"noreferrer noopener\">Mozilla Firefox<\/a>&nbsp;\u2013&nbsp;<a href=\"https:\/\/support.apple.com\/kb\/HT1677?viewlocale=es_ES%20%97%20http:\/\/support.apple.com\/kb\/ph5042\" target=\"_blank\" rel=\"noreferrer noopener\">Apple Safari<\/a><\/p>","protected":false},"excerpt":{"rendered":"<p>En la Pol\u00edtica de Cookies de GRAN T\u00d3TEM, cumplimos con avisarte que este sitio puede recolectar informaci\u00f3n en forma autom\u00e1tica al utilizar cookies, es por esto que solicitamos con confirmaci\u00f3n y te pedimos que leas atentamente tanto las pol\u00edticas de cookies como las pol\u00edticas de privacidad, para que puedas disfrutar del contenido con total tranquilidad. [&hellip;]<\/p>\n","protected":false},"author":1,"featured_media":0,"parent":0,"menu_order":0,"comment_status":"closed","ping_status":"closed","template":"","meta":{"site-sidebar-layout":"default","site-content-layout":"default","ast-site-content-layout":"","site-content-style":"default","site-sidebar-style":"default","ast-global-header-display":"","ast-banner-title-visibility":"","ast-main-header-display":"","ast-hfb-above-header-display":"","ast-hfb-below-header-display":"","ast-hfb-mobile-header-display":"","site-post-title":"","ast-breadcrumbs-content":"","ast-featured-img":"","footer-sml-layout":"","theme-transparent-header-meta":"default","adv-header-id-meta":"","stick-header-meta":"","header-above-stick-meta":"","header-main-stick-meta":"","header-below-stick-meta":"","astra-migrate-meta-layouts":"default","ast-page-background-enabled":"default","ast-page-background-meta":{"desktop":{"background-color":"","background-image":"","background-repeat":"repeat","background-position":"center center","background-size":"auto","background-attachment":"scroll","background-type":"","background-media":"","overlay-type":"","overlay-color":"","overlay-opacity":"","overlay-gradient":""},"tablet":{"background-color":"","background-image":"","background-repeat":"repeat","background-position":"center center","background-size":"auto","background-attachment":"scroll","background-type":"","background-media":"","overlay-type":"","overlay-color":"","overlay-opacity":"","overlay-gradient":""},"mobile":{"background-color":"","background-image":"","background-repeat":"repeat","background-position":"center center","background-size":"auto","background-attachment":"scroll","background-type":"","background-media":"","overlay-type":"","overlay-color":"","overlay-opacity":"","overlay-gradient":""}},"ast-content-background-meta":{"desktop":{"background-color":"var(--ast-global-color-5)","background-image":"","background-repeat":"repeat","background-position":"center center","background-size":"auto","background-attachment":"scroll","background-type":"","background-media":"","overlay-type":"","overlay-color":"","overlay-opacity":"","overlay-gradient":""},"tablet":{"background-color":"var(--ast-global-color-5)","background-image":"","background-repeat":"repeat","background-position":"center center","background-size":"auto","background-attachment":"scroll","background-type":"","background-media":"","overlay-type":"","overlay-color":"","overlay-opacity":"","overlay-gradient":""},"mobile":{"background-color":"var(--ast-global-color-5)","background-image":"","background-repeat":"repeat","background-position":"center center","background-size":"auto","background-attachment":"scroll","background-type":"","background-media":"","overlay-type":"","overlay-color":"","overlay-opacity":"","overlay-gradient":""}},"footnotes":""},"class_list":["post-1788","page","type-page","status-publish","hentry"],"_links":{"self":[{"href":"https:\/\/tienda.grantotem.com\/en\/wp-json\/wp\/v2\/pages\/1788","targetHints":{"allow":["GET"]}}],"collection":[{"href":"https:\/\/tienda.grantotem.com\/en\/wp-json\/wp\/v2\/pages"}],"about":[{"href":"https:\/\/tienda.grantotem.com\/en\/wp-json\/wp\/v2\/types\/page"}],"author":[{"embeddable":true,"href":"https:\/\/tienda.grantotem.com\/en\/wp-json\/wp\/v2\/users\/1"}],"replies":[{"embeddable":true,"href":"https:\/\/tienda.grantotem.com\/en\/wp-json\/wp\/v2\/comments?post=1788"}],"version-history":[{"count":2,"href":"https:\/\/tienda.grantotem.com\/en\/wp-json\/wp\/v2\/pages\/1788\/revisions"}],"predecessor-version":[{"id":1790,"href":"https:\/\/tienda.grantotem.com\/en\/wp-json\/wp\/v2\/pages\/1788\/revisions\/1790"}],"wp:attachment":[{"href":"https:\/\/tienda.grantotem.com\/en\/wp-json\/wp\/v2\/media?parent=1788"}],"curies":[{"name":"wp","href":"https:\/\/api.w.org\/{rel}","templated":true}]}}