{"id":2171,"date":"2020-12-14T03:15:09","date_gmt":"2020-12-14T06:15:09","guid":{"rendered":"https:\/\/tienda.grantotem.com\/?page_id=2171"},"modified":"2021-07-03T16:30:39","modified_gmt":"2021-07-03T19:30:39","slug":"terminos-y-condiciones","status":"publish","type":"page","link":"https:\/\/tienda.grantotem.com\/en\/terminos-y-condiciones\/","title":{"rendered":"Terms and Conditions"},"content":{"rendered":"<p>Este contrato describe los t\u00e9rminos y condiciones generales (en adelante \u00fanicamente &#8220;T\u00c9RMINOS Y CONDICIONES&#8221;) aplicables al uso de los contenidos, productos y servicios ofrecidos a trav\u00e9s del sitio&nbsp;<strong>www.grantotem.com<\/strong>&nbsp;(en adelante, &#8220;SITIO WEB&#8221;), del cual es titular&nbsp;<strong>Esteban Ulises Romero y\/o GRAN T\u00d3TEM <\/strong>(en adelante, &#8220;TITULAR&#8221;). Cualquier persona que desee acceder o hacer uso del sitio o los servicios que en \u00e9l se ofrecen, podr\u00e1 hacerlo sujet\u00e1ndose a los presentes T\u00c9RMINOS Y CONDICIONES, as\u00ed como a pol\u00edticas y principios incorporados al presente documento. En todo caso, cualquier persona que no acepte los presentes t\u00e9rminos y condiciones, deber\u00e1 abstenerse de utilizar el SITIO WEB y\/o adquirir los productos y servicios que en su caso sean ofrecidos.<\/p>\n\n\n\n<h4 class=\"wp-block-heading\">-DEL OBJETO<\/h4>\n\n\n\n<p>El objeto de los presentes T\u00c9RMINOS Y CONDICIONES es regular el acceso y la utilizaci\u00f3n del SITIO WEB, entendiendo por este cualquier tipo de contenido, producto o servicio que se encuentre a disposici\u00f3n del p\u00fablico en general dentro del dominio:&nbsp;<strong>www.grantotem.com<\/strong>.<\/p>\n\n\n\n<p>El TITULAR se reserva la facultad de modificar en cualquier momento y sin previo aviso, la presentaci\u00f3n, los contenidos, la funcionalidad, los productos, los servicios, y la configuraci\u00f3n que pudiera estar contenida en el SITIO WEB; en este sentido, el USUARIO reconoce y acepta que&nbsp;<strong>El TITULAR&nbsp;<\/strong>en cualquier momento podr\u00e1 interrumpir, desactivar o cancelar cualquiera de los elementos que conforman el SITIO WEB o el acceso a los mismos.<\/p>\n\n\n\n<p>El acceso al SITIO WEB por parte del USUARIO tiene car\u00e1cter libre y, por regla general es gratuito sin que el USUARIO tenga que proporcionar una contraprestaci\u00f3n para poder disfrutar de ello, salvo en lo referente al costo de la conexi\u00f3n a internet suministrada por el proveedor de este tipo de servicios que hubiere contratado el mismo USUARIO.<\/p>\n\n\n\n<p>El acceso a parte de los contenidos y servicios del SITIO WEB podr\u00e1 realizarse previa suscripci\u00f3n o registro previo del USUARIO.<\/p>\n\n\n\n<p>El SITIO WEB se encuentra dirigido exclusivamente a personas que cuenten con la mayor\u00eda de edad (mayores de 18 a\u00f1os); en este sentido,&nbsp;<strong><strong>GRAN T\u00d3TEM y\/o Esteban Ulises Romero<\/strong> <\/strong>declina cualquier responsabilidad por el incumplimiento de este requisito.<\/p>\n\n\n\n<p>El SITIO WEB est\u00e1 dirigido principalmente a USUARIOS residentes en la Rep\u00fablica Argentina, por lo cual,&nbsp;<strong>EL TITULAR&nbsp;<\/strong>no asegura que el SITIO WEB cumpla total o parcialmente con la legislaci\u00f3n de otros pa\u00edses, de forma que, si el USUARIO reside o tiene su domicilio establecido en otro pa\u00eds y decide acceder o utilizar el SITIO WEB lo har\u00e1 bajo su propia responsabilidad y deber\u00e1 asegurarse de que tal acceso y navegaci\u00f3n cumple con la legislaci\u00f3n local que le es aplicable, no asumiendo&nbsp;<strong><strong>GRAN T\u00d3TEM y\/o<\/strong><\/strong> <strong>Esteban Ulises Romero <\/strong>ninguna responsabilidad que se pueda derivar de dicho acto.<\/p>\n\n\n\n<p>Se hace del conocimiento del USUARIO que el TITULAR podr\u00e1 administrar o gestionar el SITIO WEB de manera directa o a trav\u00e9s de un tercero, lo cual no modifica en ning\u00fan sentido lo establecido en los presentes T\u00c9RMINOS Y CONDICIONES.<\/p>\n\n\n\n<h4 class=\"wp-block-heading\"><strong>&#8211; &nbsp;DEL USUARIO.<\/strong><\/h4>\n\n\n\n<p>El acceso o utilizaci\u00f3n del SITIO WEB, confiere la condici\u00f3n de USUARIO del SITIO WEB, por lo que quedar\u00e1 sujeto a los presentes T\u00c9RMINOS Y CONDICIONES, as\u00ed como a sus ulteriores modificaciones, sin perjuicio de la aplicaci\u00f3n de la legislaci\u00f3n aplicable, por tanto, se tendr\u00e1n por aceptados desde el momento en el que se accede al SITIO WEB. Dada la relevancia de lo anterior, se recomienda al USUARIO revisar las actualizaciones que se realicen a los presentes T\u00c9RMINOS Y CONDICIONES.<\/p>\n\n\n\n<p>Es responsabilidad del USUARIO utilizar el SITIO WEB de acuerdo a la forma en la que fue dise\u00f1ado; en este sentido, queda prohibida la utilizaci\u00f3n de cualquier tipo de software que automatice la interacci\u00f3n o descarga de los contenidos o servicios proporcionados a trav\u00e9s del SITIO WEB. Adem\u00e1s, el USUARIO se compromete a utilizar la informaci\u00f3n, contenidos o servicios ofrecidos a trav\u00e9s del SITIO WEB de manera l\u00edcita, sin contravenir lo dispuesto en los presentes T\u00c9RMINOS Y CONDICIONES, la moral o el orden p\u00fablico, y se abstendr\u00e1 de realizar cualquier acto que pueda suponer una afectaci\u00f3n a los derechos de terceros, o perjudique de alg\u00fan modo el funcionamiento del SITIO WEB.<\/p>\n\n\n\n<p>As\u00ed mismo, el usuario se compromete a proporcionar informaci\u00f3n l\u00edcita y veraz en los formularios habilitados en el SITIO WEB, en los cuales el usuario tenga que proporcionar ciertos datos o informaci\u00f3n para el acceso a alg\u00fan contenido, producto o servicio ofrecido por el propio SITIO WEB. En todo caso, el USUARIO notificar\u00e1 de forma inmediata al TITULAR acerca de cualquier hecho que permita suponer el uso indebido de la informaci\u00f3n registrada en dichos formularios, tales como, robo, extrav\u00edo, o acceso no autorizado a cuentas y\/o contrase\u00f1as, con el fin de proceder a su inmediata cancelaci\u00f3n.<\/p>\n\n\n\n<p>El s\u00f3lo acceso al SITIO WEB no supone el establecimiento de ning\u00fan tipo de relaci\u00f3n entre el TITULAR y el USUARIO.<\/p>\n\n\n\n<p>Al tratarse de un SITIO WEB dirigido exclusivamente a personas que cuenten con la mayor\u00eda de edad, el USUARIO manifiesta ser mayor de edad y disponer de la capacidad jur\u00eddica necesaria para sujetarse a los presentes T\u00c9RMINOS Y CONDICIONES.<\/p>\n\n\n\n<h4 class=\"wp-block-heading\"><strong>&#8211; &nbsp;DEL ACCESO Y NAVEGACI\u00d3N EN EL SITIO WEB.<\/strong><\/h4>\n\n\n\n<p>El TITULAR no garantiza de ning\u00fan modo la continuidad y disponibilidad de los contenidos, productos o servicios ofrecidos a trav\u00e9s del SITIO WEB, no obstante, el TITULAR llevar\u00e1 a cabo las acciones que de acuerdo con sus posibilidades le permitan mantener el buen funcionamiento del SITO WEB, sin que esto suponga alguna responsabilidad de parte de&nbsp;<strong><strong>GRAN T\u00d3TEM y\/o Esteban Ulises Romero<\/strong><\/strong><\/p>\n\n\n\n<p>De igual forma&nbsp;<strong><strong>GRAN T\u00d3TEM y\/o Esteban Ulises Romero<\/strong>&nbsp;<\/strong>no ser\u00e1 responsable ni garantiza que el contenido o software al que pueda accederse a trav\u00e9s del SITIO WEB se encuentre libre de errores, software malicioso, o que pueda causar alg\u00fan da\u00f1o a nivel de software o hardware en el equipo a trav\u00e9s del cual el USUARIO accede al SITIO WEB.<\/p>\n\n\n\n<p>El TITULAR tampoco se hace responsable de los da\u00f1os que pudiesen ocasionarse por un uso inadecuado del SITIO WEB. En ning\u00fan caso&nbsp;<strong>Esteban Ulises Romero <\/strong>ser\u00e1 responsable por las p\u00e9rdidas, da\u00f1os o perjuicios de cualquier tipo que surjan por el s\u00f3lo acceso o utilizaci\u00f3n del SITIO WEB.<\/p>\n\n\n\n<h4 class=\"wp-block-heading\"><strong>&#8211; &nbsp;POL\u00cdTICA DE PRIVACIDAD Y PROTECCI\u00d3N DE DATOS.<\/strong><\/h4>\n\n\n\n<p>De conformidad con lo establecido en la Ley de Protecci\u00f3n de Datos Personales, el TITULAR se compromete a adoptar las medidas necesarias que est\u00e9n a su alcance para asegurar la privacidad de los datos personales recabados de forma que se garantice su seguridad, se evite su alteraci\u00f3n, p\u00e9rdida o tratamiento no autorizado.<\/p>\n\n\n\n<p>Adem\u00e1s, a efecto de dar cumplimiento a lo establecido en la Ley de Protecci\u00f3n de Datos Personales, todo dato personal que sea recabado a trav\u00e9s del SITIO WEB, ser\u00e1 tratado de conformidad con los principios de licitud, calidad, finalidad, lealtad, y responsabilidad. Todo tratamiento de datos personales quedar\u00e1 sujeto al consentimiento de su titular. En todo caso, la utilizaci\u00f3n de datos financieros o patrimoniales, requerir\u00e1n de autorizaci\u00f3n expresa de sus titulares, no obstante, esta podr\u00e1 darse a trav\u00e9s del propio SITIO WEB utilizando los mecanismos habilitados para tal efecto, y en todo caso se dar\u00e1 la mayor diligencia y cuidado a este tipo de datos. Lo mismo ocurrir\u00e1 en el caso de datos personales sensibles, considerando por estos aquellos que debido a una utilizaci\u00f3n indebida puedan dar origen a discriminaci\u00f3n o su divulgaci\u00f3n conlleve un riesgo para el titular.<\/p>\n\n\n\n<p>En todo momento se procurar\u00e1 que los datos personales contenidos en las bases de datos o archivos que en su caso se utilicen, sean pertinentes, correctos y actualizados para los fines para los cuales fueron recabados.<\/p>\n\n\n\n<p>El tratamiento de datos personales se limitar\u00e1 al cumplimiento de las finalidades previstas en el&nbsp;<strong>Aviso de Privacidad<\/strong>&nbsp;el cual se encontrar\u00e1 disponible en la siguiente direcci\u00f3n electr\u00f3nica:<\/p>\n\n\n\n<p>Secci\u00f3n del Aviso de Privacidad del sitio web:<\/p>\n\n\n\n<p>El SITIO WEB podr\u00e1 incluir hiperv\u00ednculos o enlaces que permitan acceder a p\u00e1ginas web de terceros distintos de&nbsp;<strong>GRAN T\u00d3TEM.&nbsp;<\/strong>Los titulares de dichos sitios web dispondr\u00e1n de sus propias pol\u00edticas de privacidad y protecci\u00f3n de datos, por lo cual<strong>&nbsp;GRAN T\u00d3TEM y\/o Esteban Ulises Romero<\/strong>&nbsp;no asume ning\u00fan tipo de responsabilidad por los datos que san facilitados por el USUARIO a trav\u00e9s de cualquier sitio web distinto a www.grant\u00f3tem.com<\/p>\n\n\n\n<p><strong><strong>GRAN T\u00d3TEM y\/o Esteban Ulises Romero<\/strong>&nbsp;<\/strong>se reserva el derecho a modificar su Pol\u00edtica de Privacidad, de acuerdo con sus necesidades o derivado de alg\u00fan cambio en la legislaci\u00f3n. El acceso o utilizaci\u00f3n del SITIO WEB despu\u00e9s de dichos cambios, implicar\u00e1 la aceptaci\u00f3n de estos cambios.<\/p>\n\n\n\n<p>Por otra parte, el acceso al SITIO WEB puede implicar la utilizaci\u00f3n de cookies, las cuales, son peque\u00f1as cantidades de informaci\u00f3n que se almacenan en el navegador utilizado por el USUARIO. Las cookies facilitan la navegaci\u00f3n, la hacen m\u00e1s amigable, y no da\u00f1an el dispositivo de navegaci\u00f3n, para ello, pueden recabar informaci\u00f3n para ingresar al SITIO WEB, almacenar las preferencias del USUARIO, as\u00ed como la interacci\u00f3n que este tenga con el SITIO WEB, como por ejemplo: la fecha y hora en la que se accede al SITIO WEB, el tiempo que se ha hecho uso de este, los sitios visitados antes y despu\u00e9s del mismo, el n\u00famero de p\u00e1ginas visitadas, la direcci\u00f3n IP de la cual accede el usuario, la frecuencia de visitas, etc.<\/p>\n\n\n\n<p>Este tipo de informaci\u00f3n ser\u00e1 utilizada para mejorar el SITIO WEB, detectar errores, y posibles necesidades que el USUARIO pueda tener, lo anterior a efecto de ofrecer a los USUARIOS servicios y contenidos de mejor calidad. En todo caso, la informaci\u00f3n que se recopile ser\u00e1 an\u00f3nima y no se identificar\u00e1 a usuarios individuales.<\/p>\n\n\n\n<p>En caso de que el USUARIO no desee que se recopile este tipo de informaci\u00f3n deber\u00e1 deshabilitar, rechazar, restringir y\/o eliminar el uso de cookies en su navegador de internet. Los procedimientos para realizar estas acciones pueden diferir de un navegador a otro; en consecuencia, se sugiere revisar las instrucciones facilitadas por el desarrollador del navegador. En el supuesto de que rechace el uso de cookies (total o parcialmente) el USUARIO podr\u00e1 continuar haciendo uso del SITIO WEB, aunque podr\u00edan quedar deshabilitadas algunas de las funciones del mismo.<\/p>\n\n\n\n<p>Es posible que en el futuro estas pol\u00edticas respecto a las cookies cambien o se actualicen, por ello es recomendable revisar las actualizaciones que se realicen a los presentes T\u00c9RMINOS Y CONDICIONES, con objetivo de estar adecuadamente informado sobre c\u00f3mo y para qu\u00e9 utilizamos las cookies que se generan al ingresar o hacer uso del SITIO WEB.<\/p>\n\n\n\n<h4 class=\"wp-block-heading\"><strong>&#8211; &nbsp;POL\u00cdTICA DE ENLACES.<\/strong><\/h4>\n\n\n\n<p>El SITIO WEB puede contener enlaces, contenidos, servicios o funciones, de otros sitios de internet pertenecientes y\/o gestionados por terceros, como por ejemplo im\u00e1genes, videos, comentarios, motores de b\u00fasqueda, etc.<\/p>\n\n\n\n<p>La utilizaci\u00f3n de estos enlaces, contenidos, servicios o funciones tiene por objeto mejorar la experiencia del USUARIO al hacer uso del SITIO WEB, sin que pueda considerarse una sugerencia, recomendaci\u00f3n o invitaci\u00f3n para hacer uso de sitios externos.&nbsp;<strong>GRAN T\u00d3TEM y\/o Esteban Ulises Romero&nbsp;<\/strong>en ning\u00fan caso revisar\u00e1 o controlar\u00e1 el contenido de los sitios externos, de igual forma, no hace propios los productos, servicios, contenidos, y cualquier otro material existente en los referidos sitios enlazados; por lo cual, tampoco se garantizar\u00e1 la disponibilidad, exactitud, veracidad, validez o legalidad de los sitios externos a los que se pueda tener acceso a trav\u00e9s del SITIO WEB. As\u00ed mismo, el TITULAR no asume ninguna responsabilidad por los da\u00f1os y perjuicios que pudieran producirse por el acceso o uso, de los contenidos, productos o servicios disponibles en los sitios web no gestionados por&nbsp;<strong><strong>GRAN T\u00d3TEM y\/o Esteban Ulises Romero<\/strong>&nbsp;<\/strong>a los que se pueda acceder mediante el SITIO WEB.<\/p>\n\n\n\n<p>Los USUARIOS o terceros que realicen o publiquen un enlace web desde una p\u00e1gina web externa, a este SITIO WEB deber\u00e1n tomar en cuenta lo siguiente:<\/p>\n\n\n\n<p>No se permite la reproducci\u00f3n (total o parcial) de los contenidos, productos o servicios disponibles en el SITIO WEB sin la autorizaci\u00f3n expresa de&nbsp;<strong><strong>GRAN T\u00d3TEM y\/o Esteban Ulises Romero<\/strong>&nbsp;<\/strong>o su titular. Tampoco se permitir\u00e1n manifestaciones falsas, inexactas o incorrectas sobre el SITIO WEB, ni sobre sus contenidos, productos o servicios, pudiendo&nbsp;<strong><strong>GRAN T\u00d3TEM y\/o Esteban Ulises Romero<\/strong><\/strong> restringir el acceso al SITIO WEB a toda aquella persona que incurra en este tipo de actos.<\/p>\n\n\n\n<p>El establecimiento de un enlace al SITIO WEB desde cualquier sitio externo, no implicar\u00e1 la existencia de alguna relaci\u00f3n entre&nbsp;<strong><strong>GRAN T\u00d3TEM y\/o Esteban Ulises Romero<\/strong><\/strong> y el titular del sitio web desde el cual se realice, tampoco implicar\u00e1 el conocimiento de&nbsp;<strong><strong>GRAN T\u00d3TEM y\/o Esteban Ulises Romero<\/strong>&nbsp;<\/strong>de los contenidos, productos o servicios ofrecidos en los sitios externos desde los cuales se pueda acceder al SITIO WEB.<\/p>\n\n\n\n<h4 class=\"wp-block-heading\"><strong>&#8211; PAGO DE LOS PRODUCTOS O SERVICIOS<\/strong><\/h4>\n\n\n\n<p>Los Usuarios pueden pagar sus compras mediante los sistemas de pago que aparecen ofrecidos en el Sitio en forma actual o aquellos que se incorporen a futuro. <\/p>\n\n\n\n<p>MONEDA DE PAGO<\/p>\n\n\n\n<p>Los pagos debidos en virtud de los productos o servicios contratados en el pa\u00eds de Argentina se efectuar\u00e1n en la moneda local del respectivo pa\u00eds y el monto estar\u00e1 visible en el checkout. Si el pago se realizase desde un pa\u00eds distinto a los mencionados anteriormente el pago se efectuar\u00e1 en d\u00f3lares estadounidenses.<\/p>\n\n\n\n<p>ENVI\u00d3 DE MERCADER\u00cdA<\/p>\n\n\n\n<p>The expenses, deadlines, methods, and other conditions related to shipments can be consulted on the website prior to purchasing the products. Additionally, the following stipulations apply to all shipments:<\/p>\n\n\n\n<ul class=\"wp-block-list\"><li>The choice of courier or carrier will be made by the company.<\/li><li>Los plazos y precios de entrega podr\u00e1n variar conforme la direcci\u00f3n de destino y el tipo de servicio.A continuaci\u00f3n se detallan los plazos de entrega aproximados para diferentes Destinos:<\/li><\/ul>\n\n\n\n<p><strong>Argentina:<\/strong>&nbsp;Correo Argentino: 2 a 7 d\u00edas laborales.<\/p>\n\n\n\n<p><strong>Otros Pa\u00edses de Am\u00e9rica:&nbsp;<\/strong>Correo DHL: 4 a 12 d\u00edas laborales.<\/p>\n\n\n\n<ul class=\"wp-block-list\"><li>El horario de despacho de la mercader\u00eda adquirida es de 8 a 18hs de lunes a viernes y \u00fanicamente en d\u00edas h\u00e1biles. Los Usuarios podr\u00e1n optar el retiro de una sucursal del courrier en el horario informado por la sucursal seleccionada.<\/li><li>The User must enter the delivery address of the purchased merchandise. Alternatively, if the User does not indicate a specific delivery address, the merchandise will be sent to the billing address declared by the User.<\/li><li>The User will be responsible for any error, inaccuracy or lack of data, in the indicated destination address, or in relation to the person authorized to receive the shipment, which results in the impossibility of delivering the merchandise to the destination.<\/li><\/ul>\n\n\n\n<p>SHIPPING COSTS<\/p>\n\n\n\n<p>El Usuario podr\u00e1, antes de efectuar la compra, consultar el costo estimativo de env\u00edo utilizando el cotizador el Sitio. La informaci\u00f3n entregada por el cotizador es \u00fanicamente de orden orientativo, y no constituye un presupuesto formal emitido por LA EMPRESA Es posible que existan diferencias entre los montos indicados por el cotizador y los costos de env\u00edo finales, y\/o se apliquen cargos extra no contemplados por el calculador. Los costos estimativos arrojados por el cotizador tomar\u00e1n como referencia la direcci\u00f3n de destino ingresada para el c\u00e1lculo; si el Usuario al completar la compra indicare una direcci\u00f3n de entrega distinta, los cargos de env\u00edo podr\u00e1n variar sustancialmente de acuerdo con el nuevo lugar de entrega.<\/p>\n\n\n\n<p>ENVIOS INTERNACIONALES:<\/p>\n\n\n\n<p>Los Env\u00edos desde Argentina hacia otros pa\u00edses se realizar\u00e1n bajo la modalidad &#8220;Delivered at Place&#8221; (DAP).<\/p>\n\n\n\n<p>DAP (Delivered at Place): The seller delivers when the goods are loaded on the means of transport in which they arrived, and are available to the buyer, ready to be unloaded at the stipulated destination. The seller must clear the goods for export and the importer is responsible for completing customs clearance and paying any customs import fees.<\/p>\n\n\n\n<p>If payment of the tax corresponds, the Courrier will contact the email or telephone number provided by the importer at the time of purchase to collect the customs tax.<\/p>\n\n\n\n<h4 class=\"wp-block-heading\"><strong>&#8211; &nbsp;POL\u00cdTICA EN MATERIA DE PROPIEDAD INTELECTUAL E INDUSTRIAL.<\/strong><\/h4>\n\n\n\n<p><strong><strong>GRAN T\u00d3TEM y\/o Esteban Ulises Romero<\/strong>&nbsp;<\/strong>por s\u00ed o como parte cesionaria, es titular de todos los derechos de propiedad intelectual e industrial del SITIO WEB, entendiendo por este el c\u00f3digo fuente que hace posible su funcionamiento, as\u00ed como las im\u00e1genes, archivos de audio o video, logotipos, marcas, combinaciones de colores, estructuras, dise\u00f1os y dem\u00e1s elementos que lo distinguen. Ser\u00e1n, por consiguiente, protegidas por la legislaci\u00f3n mexicana en materia de propiedad intelectual e industrial, as\u00ed como por los tratados internacionales aplicables. Por consiguiente, queda expresamente prohibida la reproducci\u00f3n, distribuci\u00f3n, o difusi\u00f3n de los contenidos del SITIO WEB, con fines comerciales, en cualquier soporte y por cualquier medio, sin la autorizaci\u00f3n de&nbsp;<strong><strong>GRAN T\u00d3TEM y\/o Esteban Ulises Romero<\/strong><\/strong><\/p>\n\n\n\n<p>El USUARIO se compromete a respetar los derechos de propiedad intelectual e industrial del TITULAR. No obstante, adem\u00e1s de poder visualizar los elementos del SITIO WEB podr\u00e1 imprimirlos, copiarlos o almacenarlos, siempre y cuando sea exclusivamente para su uso estrictamente personal.<\/p>\n\n\n\n<p>Por otro lado, el USUARIO, se abstendr\u00e1 de suprimir, alterar, o manipular cualquier elemento, archivo, o contenido, del SITIO WEB, y por ning\u00fan motivo realizar\u00e1 actos tendientes a vulnerar la seguridad, los archivos o bases de datos que se encuentren protegidos, ya sea a trav\u00e9s de un acceso restringido mediante un usuario y contrase\u00f1a, o porque no cuente con los permisos para visualizarlos, editarlos o manipularlos.<\/p>\n\n\n\n<p>En caso de que el USUARIO o alg\u00fan tercero consideren que cualquiera de los contenidos del SITIO WEB suponga una violaci\u00f3n de los derechos de protecci\u00f3n de la propiedad industrial o intelectual, deber\u00e1 comunicarlo inmediatamente a&nbsp;<strong><strong>GRAN T\u00d3TEM y\/o Esteban Ulises Romero<\/strong>&nbsp;<\/strong>a trav\u00e9s de los datos de contacto disponibles en el propio SITIO WEB y\/o a trav\u00e9s del siguiente medio:<\/p>\n\n\n\n<p>Correo electr\u00f3nico: ventas@grantotem.com<\/p>\n\n\n\n<h4 class=\"wp-block-heading\"><strong>&#8211; &nbsp;LEGISLACI\u00d3N Y JURISDICCI\u00d3N APLICABLE.<\/strong><\/h4>\n\n\n\n<p><strong>GRAN T\u00d3TEM y\/o Esteban Ulises Romero<\/strong> se reserva la facultad de presentar las acciones civiles o penales que considere necesarias por la utilizaci\u00f3n indebida del SITIO WEB, sus contenidos, productos o servicios, o por el incumplimiento de los presentes T\u00c9RMINOS Y CONDICIONES.<\/p>\n\n\n\n<p>La relaci\u00f3n entre el USUARIO y el TITULAR se regir\u00e1 por la legislaci\u00f3n vigente en Argentina, espec\u00edficamente en la Ciudad de Vicente L\u00f3pez, Provincia de Buenos Aires. De surgir cualquier controversia con relaci\u00f3n a la interpretaci\u00f3n y\/o a la aplicaci\u00f3n de los presentes T\u00c9RMINOS Y CONDICIONES, las partes se someter\u00e1n a la jurisdicci\u00f3n ordinaria de los tribunales que correspondan conforme a derecho en el estado al que se hace referencia.<\/p>","protected":false},"excerpt":{"rendered":"<p>Este contrato describe los t\u00e9rminos y condiciones generales (en adelante \u00fanicamente &#8220;T\u00c9RMINOS Y CONDICIONES&#8221;) aplicables al uso de los contenidos, productos y servicios ofrecidos a trav\u00e9s del sitio&nbsp;www.grantotem.com&nbsp;(en adelante, &#8220;SITIO WEB&#8221;), del cual es titular&nbsp;Esteban Ulises Romero y\/o GRAN T\u00d3TEM (en adelante, &#8220;TITULAR&#8221;). Cualquier persona que desee acceder o hacer uso del sitio o los [&hellip;]<\/p>\n","protected":false},"author":1,"featured_media":0,"parent":0,"menu_order":0,"comment_status":"closed","ping_status":"closed","template":"","meta":{"site-sidebar-layout":"default","site-content-layout":"default","ast-site-content-layout":"","site-content-style":"default","site-sidebar-style":"default","ast-global-header-display":"","ast-banner-title-visibility":"","ast-main-header-display":"","ast-hfb-above-header-display":"","ast-hfb-below-header-display":"","ast-hfb-mobile-header-display":"","site-post-title":"","ast-breadcrumbs-content":"","ast-featured-img":"","footer-sml-layout":"","theme-transparent-header-meta":"default","adv-header-id-meta":"","stick-header-meta":"","header-above-stick-meta":"","header-main-stick-meta":"","header-below-stick-meta":"","astra-migrate-meta-layouts":"default","ast-page-background-enabled":"default","ast-page-background-meta":{"desktop":{"background-color":"","background-image":"","background-repeat":"repeat","background-position":"center center","background-size":"auto","background-attachment":"scroll","background-type":"","background-media":"","overlay-type":"","overlay-color":"","overlay-opacity":"","overlay-gradient":""},"tablet":{"background-color":"","background-image":"","background-repeat":"repeat","background-position":"center center","background-size":"auto","background-attachment":"scroll","background-type":"","background-media":"","overlay-type":"","overlay-color":"","overlay-opacity":"","overlay-gradient":""},"mobile":{"background-color":"","background-image":"","background-repeat":"repeat","background-position":"center center","background-size":"auto","background-attachment":"scroll","background-type":"","background-media":"","overlay-type":"","overlay-color":"","overlay-opacity":"","overlay-gradient":""}},"ast-content-background-meta":{"desktop":{"background-color":"var(--ast-global-color-5)","background-image":"","background-repeat":"repeat","background-position":"center center","background-size":"auto","background-attachment":"scroll","background-type":"","background-media":"","overlay-type":"","overlay-color":"","overlay-opacity":"","overlay-gradient":""},"tablet":{"background-color":"var(--ast-global-color-5)","background-image":"","background-repeat":"repeat","background-position":"center center","background-size":"auto","background-attachment":"scroll","background-type":"","background-media":"","overlay-type":"","overlay-color":"","overlay-opacity":"","overlay-gradient":""},"mobile":{"background-color":"var(--ast-global-color-5)","background-image":"","background-repeat":"repeat","background-position":"center center","background-size":"auto","background-attachment":"scroll","background-type":"","background-media":"","overlay-type":"","overlay-color":"","overlay-opacity":"","overlay-gradient":""}},"footnotes":""},"class_list":["post-2171","page","type-page","status-publish","hentry"],"_links":{"self":[{"href":"https:\/\/tienda.grantotem.com\/en\/wp-json\/wp\/v2\/pages\/2171","targetHints":{"allow":["GET"]}}],"collection":[{"href":"https:\/\/tienda.grantotem.com\/en\/wp-json\/wp\/v2\/pages"}],"about":[{"href":"https:\/\/tienda.grantotem.com\/en\/wp-json\/wp\/v2\/types\/page"}],"author":[{"embeddable":true,"href":"https:\/\/tienda.grantotem.com\/en\/wp-json\/wp\/v2\/users\/1"}],"replies":[{"embeddable":true,"href":"https:\/\/tienda.grantotem.com\/en\/wp-json\/wp\/v2\/comments?post=2171"}],"version-history":[{"count":8,"href":"https:\/\/tienda.grantotem.com\/en\/wp-json\/wp\/v2\/pages\/2171\/revisions"}],"predecessor-version":[{"id":2586,"href":"https:\/\/tienda.grantotem.com\/en\/wp-json\/wp\/v2\/pages\/2171\/revisions\/2586"}],"wp:attachment":[{"href":"https:\/\/tienda.grantotem.com\/en\/wp-json\/wp\/v2\/media?parent=2171"}],"curies":[{"name":"wp","href":"https:\/\/api.w.org\/{rel}","templated":true}]}}