{"id":3,"date":"2020-07-08T01:28:34","date_gmt":"2020-07-08T04:28:34","guid":{"rendered":"https:\/\/tienda.grantotem.com\/?page_id=3"},"modified":"2020-12-14T05:06:20","modified_gmt":"2020-12-14T08:06:20","slug":"politica-privacidad","status":"publish","type":"page","link":"https:\/\/tienda.grantotem.com\/en\/politica-privacidad\/","title":{"rendered":"Privacy policy"},"content":{"rendered":"<p>De conformidad con la Ley de Protecci\u00f3n de Datos Personales (en lo sucesivo la Ley), ponemos a su disposici\u00f3n el presente Aviso de Privacidad Integral para Clientes de GRAN T\u00d3TEM, el cual podr\u00e1 ser consultado en todo momento a trav\u00e9s del los sitios web\u00a0<a href=\"https:\/\/tienda.grantotem.com\/en\/\">www.grantotem.com<\/a> y <a href=\"htttps:\/\/www.cusodesoldadura.online\">www.cursodesoldura.online<\/a> .<\/p>\n\n\n\n<ol class=\"wp-block-list\"><li><strong>Identidad y domicilio del responsable del tratamiento de los datos personales.<\/strong><\/li><\/ol>\n\n\n\n<p><strong>GRAN T\u00d3TEM de Esteban Ulises Romero<\/strong> (en lo sucesivo GRAN T\u00d3TEM), con domicilio en calle Ingeniero Guillermo Marconi 5219, Munro, Partido de Vicente L\u00f3pez, C.P. 1605, Provincia de Buenos Aires.<\/p>\n\n\n\n<ol class=\"wp-block-list\" start=\"2\"><li><strong>Datos personales que ser\u00e1n sometidos a tratamiento.<\/strong><\/li><\/ol>\n\n\n\n<p>GRAN T\u00d3TEM le informa que los datos personales que ser\u00e1n solicitados a sus clientes (en adelante, \u201ctitular\u201d) y tratados conforme al presente aviso de privacidad se encuentran dentro de las siguientes categor\u00edas:<\/p>\n\n\n\n<ul class=\"wp-block-list\"><li>Identificaci\u00f3n<\/li><li>Contacto<\/li><li>Patrimoniales<\/li><li>Financieros<\/li><li>Laborales<\/li><li>Acad\u00e9micos<\/li><li>Migratorios<\/li><\/ul>\n\n\n\n<p><strong>Datos personales de terceros.<\/strong><\/p>\n\n\n\n<p>Para cumplir con las obligaciones legalmente adquiridas con usted, GRAN T\u00d3TEM tratar\u00e1 datos personales de identificaci\u00f3n y de contacto de terceros en calidad de referencias personales, por lo que usted reconoce haber informado a dichos terceros para que <strong>GRAN T\u00d3TEM<\/strong> pueda tratar sus datos de acuerdo a lo previsto en este Aviso de Privacidad.<\/p>\n\n\n\n<p><strong>Informaci\u00f3n sobre su dispositivo.<\/strong><\/p>\n\n\n\n<p>En el supuesto de que usted haga uso de nuestros servicios mediante dispositivos m\u00f3viles, se recabar\u00e1 la siguiente informaci\u00f3n: (I) Caracter\u00edsticas del tel\u00e9fono, (II) Direcci\u00f3n IP, (II) Datos de identificaci\u00f3n del dispositivo, (IV) H\u00e1bitos de navegaci\u00f3n, (V) Informaci\u00f3n del uso y consumo de internet, (VI) Informaci\u00f3n relacionada con el uso de la Aplicaci\u00f3n <strong>GRAN T\u00d3TEM<\/strong>.<\/p>\n\n\n\n<ol class=\"wp-block-list\" start=\"3\"><li><strong>Datos personales sensibles que ser\u00e1n sometidos a tratamiento:<\/strong><\/li><\/ol>\n\n\n\n<ul class=\"wp-block-list\"><li>Biom\u00e9tricos: (I) Huellas dactilares, (II) Imagen facial y (III) Firma aut\u00f3grafa digital.<\/li><li>Estado de salud, en el caso de contratar o hacer efectivo alg\u00fan seguro o protecci\u00f3n relativo a su vida, m\u00e9dico o de salud.<\/li><\/ul>\n\n\n\n<ol class=\"wp-block-list\" start=\"4\"><li><strong>Finalidad del tratamiento.<\/strong><\/li><\/ol>\n\n\n\n<p>Los datos personales recabados ser\u00e1n tratados para las siguientes finalidades primarias, las cuales son necesarias para la existencia y cumplimiento de la obligaci\u00f3n jur\u00eddica que el Titular establece con&nbsp;el Responsable:<\/p>\n\n\n\n<ul class=\"wp-block-list\"><li>Verificar y confirmar su identidad;<\/li><li>Realizar el registro del Titular de los datos personales;<\/li><li>Proveerle los productos y\/o servicios solicitados;<\/li><li>Realizar aclaraciones para prevenir y detectar fraudes o il\u00edcitos en agravio de su persona, o bien, de <strong>GRAN T\u00d3TEM<\/strong>;<\/li><li>Crear su perfil de acceso a los sistemas electr\u00f3nicos para prestarle atenci\u00f3n personalizada;<\/li><li>Realizar las gestiones correspondientes con el prop\u00f3sito de que los Datos Personales en todo momento se mantengan actualizados, correctos y completos;<\/li><li>Anal\u00edtica de datos;<\/li><li>Contactarlo v\u00eda telef\u00f3nica, correo electr\u00f3nico o por mensajes en redes sociales; para atender sus consultas, quejas, reclamaciones y\/o sugerencias, y para la prestaci\u00f3n de los servicios ofrecidos por <strong>GRAN T\u00d3TEM<\/strong>;<\/li><li>Dar cumplimiento a las obligaciones legales a cargo de <strong>GRAN T\u00d3TEM<\/strong>.<\/li><\/ul>\n\n\n\n<p>Sus datos personales ser\u00e1n utilizados con las siguientes finalidades secundarias, las cuales no son necesarias para la existencia y cumplimiento de la relaci\u00f3n jur\u00eddica que el Titular celebra con&nbsp;el Responsable, sin embargo, son complementarias e importantes:<\/p>\n\n\n\n<ul class=\"wp-block-list\"><li>Fines mercadot\u00e9cnicos, publicitarios o de prospecci\u00f3n comercial respecto de productos y servicios que ofrecemos, propios o de terceros;<\/li><li>Para realizar encuestas de servicio, con el objetivo de evaluar y mejorar la calidad de los productos y servicios que ofrecemos.<\/li><\/ul>\n\n\n\n<ol class=\"wp-block-list\" start=\"5\"><li><strong>Limitaci\u00f3n del tratamiento de datos personales para finalidades secundarias<\/strong><\/li><\/ol>\n\n\n\n<p>Los titulares tienen un plazo de 5 d\u00edas para que, de ser el caso, manifieste su negativa para el tratamiento de sus datos personales para las finalidades secundarias, enviando un correo a la direcci\u00f3n: ventas@grantotem.com; en caso de no recibir dicha negativa, se entender\u00e1 por consentido el uso de su informaci\u00f3n.<\/p>\n\n\n\n<ol class=\"wp-block-list\" start=\"6\"><li><strong>Transferencia de datos personales<\/strong><\/li><\/ol>\n\n\n\n<p>Le informamos que sus datos personales son compartidos con las siguientes empresas, para los siguientes fines:<\/p>\n\n\n\n<figure class=\"wp-block-table\"><table><thead><tr><td><strong>Destinatario de los datos personales<\/strong><\/td><td><strong>Finalidad<\/strong><\/td><\/tr><tr><td><strong>GRAN T\u00d3TEM<\/strong><\/td><td>I. Anal\u00edtica de datos;<br>II. Fines mercadot\u00e9cnicos, publicitarios o de prospecci\u00f3n comercial; y<br>III. Administraci\u00f3n y mejora de los servicios otorgados al cliente.<\/td><\/tr><\/thead><tbody><tr><td>Mailchimp<\/td><td>I. Anal\u00edtica de datos;<br>II. Fines mercadot\u00e9cnicos, publicitarios o de prospecci\u00f3n comercial; y<br>III. Administraci\u00f3n y mejora de los servicios otorgados al cliente.<\/td><\/tr><tr><td>Google Analytics<\/td><td>I. Anal\u00edtica de datos;<br>II. Fines mercadot\u00e9cnicos, publicitarios o de prospecci\u00f3n comercial; y<br>III. Administraci\u00f3n y mejora de los servicios otorgados al cliente.<\/td><\/tr><tr><td>&nbsp;Facebook Ads<\/td><td>&nbsp;I. Anal\u00edtica de datos;<br>II. Fines mercadot\u00e9cnicos, publicitarios o de prospecci\u00f3n comercial; y<br>III. Administraci\u00f3n y mejora de los servicios otorgados al cliente.<\/td><\/tr><\/tbody><\/table><\/figure>\n\n\n\n<p><strong>GRAN T\u00d3TEM<\/strong> realiza transferencias nacionales e internacionales de sus datos personales a terceros sin requerir de su consentimiento y en apego a la regulaci\u00f3n aplicable en los siguientes casos:<\/p>\n\n\n\n<ul class=\"wp-block-list\"><li>a) Cuando la transferencia est\u00e9 prevista en una Ley o Tratado en los que Argentina sea parte;<\/li><li>b) Cuando la transferencia sea efectuada a sociedades controladoras, subsidiarias o afiliadas bajo el control com\u00fan de <strong>GRAN T\u00d3TEM<\/strong>, o a una sociedad matriz que opere bajo los mismos procesos y pol\u00edticas internas;<\/li><li>c) Cuando la transferencia sea necesaria por virtud de un contrato celebrado o por celebrar en inter\u00e9s de usted, por <strong>GRAN T\u00d3TEM<\/strong> y un tercero;<\/li><li>d) Cuando la transferencia sea necesaria o legalmente exigida para la salvaguarda de un inter\u00e9s p\u00fablico, o para la procuraci\u00f3n o administraci\u00f3n de justicia;<\/li><li>e) Cuando la transferencia sea precisa para el reconocimiento, ejercicio o defensa de un derecho en un proceso judicial,<\/li><li>f) Cuando la transferencia sea precisa para el mantenimiento o cumplimiento de la relaci\u00f3n jur\u00eddica derivada de los servicios y productos formalizados con <strong>GRAN T\u00d3TEM<\/strong>; y<\/li><li>g) En los casos de excepci\u00f3n previstos por la legislaci\u00f3n aplicable.<\/li><\/ul>\n\n\n\n<p><strong>GRAN T\u00d3TEM<\/strong> podr\u00e1 realizar la Transferencia de Datos Personales a personas f\u00edsicas o morales, nacionales y extranjeras, con el \u00fanico prop\u00f3sito de cumplir con los fines se\u00f1alados en el presente Aviso de Privacidad.<\/p>\n\n\n\n<p>Los terceros y las entidades receptoras de Datos Personales, asumen las mismas obligaciones y\/o responsabilidades de&nbsp;<strong>GRAN T\u00d3TEM<\/strong>,&nbsp;de conformidad con lo descrito en el presente Aviso de Privacidad.&nbsp;<\/p>\n\n\n\n<ol class=\"wp-block-list\" start=\"7\"><li><strong>Derechos ARCO.<\/strong><\/li><\/ol>\n\n\n\n<p>Usted tiene derecho a conocer qu\u00e9 datos personales tenemos de usted, para qu\u00e9 los utilizamos y las condiciones del uso que les damos (Acceso); asimismo, es su derecho solicitar la correcci\u00f3n de su informaci\u00f3n personal en caso de que est\u00e9 desactualizada, sea inexacta o incompleta (Rectificaci\u00f3n); que la eliminemos de nuestros registros o bases de datos cuando considere que la misma no est\u00e1 siendo utilizada adecuadamente (Cancelaci\u00f3n); as\u00ed como oponerse al uso de sus datos personales para finalidades secundarias (Oposici\u00f3n). Estos derechos se conocen como derechos ARCO.<\/p>\n\n\n\n<p>Podr\u00e1 ejercer en cualquier momento los derechos anteriormente citados, as\u00ed como revocar su consentimiento, a trav\u00e9s de una solicitud en nuestra p\u00e1gina de Internet www.grant\u00f3tem.com en la secci\u00f3n identificada como \u201cAviso de Privacidad\u201d, dando click en el hiperv\u00ednculo de \u201cDerechos Arco\u201d, siguiendo el proceso que al efecto se establece y adjuntado los documentos que sean necesarios para su ejercicio, as\u00ed como los que considere pertinentes para fundamentar su petici\u00f3n.<\/p>\n\n\n\n<p>Tambi\u00e9n tiene derecho a revocar el consentimiento para el tratamiento de sus datos personales, mismo que podr\u00e1 ser ejercido en cualquier momento sin que se le atribuyan efectos retroactivos, a trav\u00e9s del mismo procedimiento antes mencionado y adjuntado los documentos que sean necesarios; no obstante lo anterior, <strong>GRAN T\u00d3TEM<\/strong> tendr\u00e1 el derecho de tratar los datos personales se\u00f1alados en el presente aviso de privacidad, hasta en tanto sean necesarios para cumplir con una obligaci\u00f3n legalmente contra\u00edda por el Titular.<\/p>\n\n\n\n<p>Dichas solicitudes ser\u00e1n atendidas por nuestra oficina pudiendo contactarnos v\u00eda correo electr\u00f3nico a la direcci\u00f3n&nbsp;<a href=\"mailto:hello@panapop.com\">ventas@grantotem.com<\/a><\/p>\n\n\n\n<p>La solicitud deber\u00e1 contener:<\/p>\n\n\n\n<ul class=\"wp-block-list\"><li>El nombre completo del titular, as\u00ed como un correo electr\u00f3nico para comunicarle la respuesta a su solicitud.<\/li><li>Copia electr\u00f3nica de los documentos que acrediten la identidad del titular de los datos personales (Identificaci\u00f3n oficial vigente \/ Pasaporte vigente).<\/li><li>En caso de que el&nbsp;titular&nbsp;comparezca por representante, deber\u00e1 exhibir por la misma v\u00eda, una carta poder simple firmada por el&nbsp;titular,&nbsp;su apoderado y dos testigos, adjuntado copia de las identificaciones del apoderado y dos testigos.<\/li><li>Descripci\u00f3n clara y precisa de los datos personales respecto de los que se busca ejercer alguno de los derechos antes mencionados.<\/li><li>Cualquier otro elemento o documento que facilite la localizaci\u00f3n de los datos personales.<\/li><li>Indicar las modificaciones a realizarse y\/o las limitaciones al uso de los datos personales y aportar la documentaci\u00f3n que sustente su petici\u00f3n.<\/li><\/ul>\n\n\n\n<p>Las solicitudes de ejercicio de derechos ARCO que se presenten conforme a esta secci\u00f3n, ser\u00e1n atendidas en un plazo no mayor a 20 d\u00edas h\u00e1biles contados a partir de la fecha en que se recibi\u00f3 la solicitud y notificadas por el mismo medio. Si su solicitud resulta procedente, se har\u00e1 efectiva dentro de los 15 d\u00edas h\u00e1biles siguientes a la fecha en que se le comunique la respuesta.<\/p>\n\n\n\n<p>Si la solicitud no es clara o no se adjunt\u00f3 el documento que acredite su identidad o representaci\u00f3n, <strong>GRAN T\u00d3TEM<\/strong> podr\u00e1 solicitarle informaci\u00f3n complementaria por medio de un requerimiento, dentro de los 5 cinco d\u00edas h\u00e1biles contados a partir del d\u00eda siguiente de la presentaci\u00f3n de su solicitud. Este requerimiento deber\u00e1 ser atendido por usted dentro de los 10 diez d\u00edas h\u00e1biles siguientes a su recepci\u00f3n, de lo contrario su solicitud se tendr\u00e1 por no presentada.<\/p>\n\n\n\n<ol class=\"wp-block-list\" start=\"8\"><li><strong>Limitaci\u00f3n de uso y divulgaci\u00f3n de la informaci\u00f3n en nuestro programa de promociones, ofertas y servicios.<\/strong><\/li><\/ol>\n\n\n\n<p><strong>GRAN T\u00d3TEM<\/strong> env\u00eda publicidad mediante mensajes promocionales de correo electr\u00f3nico, los cuales solo ser\u00e1n enviados a usted y a aquellos contactos registrados para tal prop\u00f3sito. Esta indicaci\u00f3n podr\u00e1 ser modificada por usted en cualquier momento a trav\u00e9s de los siguientes medios:<\/p>\n\n\n\n<ul class=\"wp-block-list\"><li>a) En la liga para cancelar su suscripci\u00f3n, que se encuentra dentro de los mensajes que usted reciba v\u00eda correo electr\u00f3nico, y<\/li><li>b) Manifestar a <strong>GRAN T\u00d3TEM<\/strong> su negativa a recibir comunicados o promociones, mediante una solicitud de oposici\u00f3n a trav\u00e9s del procedimiento de Derechos ARCO se\u00f1alado en este Aviso.<\/li><\/ul>\n\n\n\n<ol class=\"wp-block-list\" start=\"9\"><li><strong>Cookies y web beacons<\/strong><\/li><\/ol>\n\n\n\n<p>Le informamos que en nuestra p\u00e1gina de Internet utilizamos cookies, web beacons y otras tecnolog\u00edas a trav\u00e9s de las cuales es posible monitorear su comportamiento como usuario de Internet, brindarle un mejor servicio y experiencia de usuario al navegar en nuestra p\u00e1gina, as\u00ed como ofrecerle nuevos productos y servicios basados en sus preferencias.<\/p>\n\n\n\n<p>Los datos personales que obtenemos de estas tecnolog\u00edas de rastreo son los siguientes: horario de navegaci\u00f3n, tiempo de navegaci\u00f3n en nuestra p\u00e1gina de Internet, secciones consultadas, y p\u00e1ginas de Internet accedidas previo a la nuestra.<\/p>\n\n\n\n<p>As\u00ed mismo, le informamos que puede deshabilitar el uso de estos mecanismos siguiendo el procedimiento para desactivaci\u00f3n, establecido para su navegador de internet.<\/p>\n\n\n\n<p>Ver&nbsp;<a rel=\"noreferrer noopener\" href=\"https:\/\/tienda.grantotem.com\/en\/politica-de-cookies\/\" target=\"_blank\">nuestras pol\u00edticas de cookies<\/a><\/p>\n\n\n\n<ol class=\"wp-block-list\" start=\"10\"><li><strong>Cambios al aviso de privacidad<\/strong><\/li><\/ol>\n\n\n\n<p><strong>GRAN T\u00d3TEM<\/strong> se reserva el derecho de efectuar en cualquier momento modificaciones al presente aviso de privacidad, por lo que cualquier cambio al mismo ser\u00e1 informado mediante cualquiera de los siguientes medios: i) actualizaci\u00f3n del presente aviso de privacidad en la p\u00e1gina de internet&nbsp;<a href=\"https:\/\/tienda.grantotem.com\/en\/\">www.grantotem.com<\/a>&nbsp;y&nbsp;<a href=\"http:\/\/www.cursodesoldadura.online\">www.cursodesoldadura.online<\/a>; ii) en forma escrita; iii) llamada telef\u00f3nica; iv) medios electr\u00f3nicos, o v) por cualquier medio \u00f3ptico, sonoro, visual u otro que la tecnolog\u00eda permita ahora o en lo futuro.<\/p>\n\n\n\n<ol class=\"wp-block-list\" start=\"11\"><li><strong>Seguridad de los datos personales<\/strong><\/li><\/ol>\n\n\n\n<p>Para garantizar la seguridad en el manejo de datos personales, <strong>GRAN T\u00d3TEM<\/strong> y su sitio web cuenta con un certificado de seguridad Secure Sockets Layer (SSL), el cual codifica la informaci\u00f3n que usted introduce para mantener la confidencialidad de los datos personales ingresados y evitar de forma segura su da\u00f1o, perdida, alteraci\u00f3n y\/o divulgaci\u00f3n indebida.<\/p>","protected":false},"excerpt":{"rendered":"<p>De conformidad con la Ley de Protecci\u00f3n de Datos Personales (en lo sucesivo la Ley), ponemos a su disposici\u00f3n el presente Aviso de Privacidad Integral para Clientes de GRAN T\u00d3TEM, el cual podr\u00e1 ser consultado en todo momento a trav\u00e9s del los sitios web\u00a0www.grantotem.com y www.cursodesoldura.online . Identidad y domicilio del responsable del tratamiento de [&hellip;]<\/p>\n","protected":false},"author":1,"featured_media":0,"parent":0,"menu_order":0,"comment_status":"closed","ping_status":"closed","template":"","meta":{"site-sidebar-layout":"default","site-content-layout":"default","ast-site-content-layout":"","site-content-style":"default","site-sidebar-style":"default","ast-global-header-display":"","ast-banner-title-visibility":"","ast-main-header-display":"","ast-hfb-above-header-display":"","ast-hfb-below-header-display":"","ast-hfb-mobile-header-display":"","site-post-title":"","ast-breadcrumbs-content":"","ast-featured-img":"","footer-sml-layout":"","theme-transparent-header-meta":"default","adv-header-id-meta":"","stick-header-meta":"","header-above-stick-meta":"","header-main-stick-meta":"","header-below-stick-meta":"","astra-migrate-meta-layouts":"default","ast-page-background-enabled":"default","ast-page-background-meta":{"desktop":{"background-color":"","background-image":"","background-repeat":"repeat","background-position":"center center","background-size":"auto","background-attachment":"scroll","background-type":"","background-media":"","overlay-type":"","overlay-color":"","overlay-opacity":"","overlay-gradient":""},"tablet":{"background-color":"","background-image":"","background-repeat":"repeat","background-position":"center center","background-size":"auto","background-attachment":"scroll","background-type":"","background-media":"","overlay-type":"","overlay-color":"","overlay-opacity":"","overlay-gradient":""},"mobile":{"background-color":"","background-image":"","background-repeat":"repeat","background-position":"center center","background-size":"auto","background-attachment":"scroll","background-type":"","background-media":"","overlay-type":"","overlay-color":"","overlay-opacity":"","overlay-gradient":""}},"ast-content-background-meta":{"desktop":{"background-color":"var(--ast-global-color-5)","background-image":"","background-repeat":"repeat","background-position":"center center","background-size":"auto","background-attachment":"scroll","background-type":"","background-media":"","overlay-type":"","overlay-color":"","overlay-opacity":"","overlay-gradient":""},"tablet":{"background-color":"var(--ast-global-color-5)","background-image":"","background-repeat":"repeat","background-position":"center center","background-size":"auto","background-attachment":"scroll","background-type":"","background-media":"","overlay-type":"","overlay-color":"","overlay-opacity":"","overlay-gradient":""},"mobile":{"background-color":"var(--ast-global-color-5)","background-image":"","background-repeat":"repeat","background-position":"center center","background-size":"auto","background-attachment":"scroll","background-type":"","background-media":"","overlay-type":"","overlay-color":"","overlay-opacity":"","overlay-gradient":""}},"footnotes":""},"class_list":["post-3","page","type-page","status-publish","hentry"],"_links":{"self":[{"href":"https:\/\/tienda.grantotem.com\/en\/wp-json\/wp\/v2\/pages\/3","targetHints":{"allow":["GET"]}}],"collection":[{"href":"https:\/\/tienda.grantotem.com\/en\/wp-json\/wp\/v2\/pages"}],"about":[{"href":"https:\/\/tienda.grantotem.com\/en\/wp-json\/wp\/v2\/types\/page"}],"author":[{"embeddable":true,"href":"https:\/\/tienda.grantotem.com\/en\/wp-json\/wp\/v2\/users\/1"}],"replies":[{"embeddable":true,"href":"https:\/\/tienda.grantotem.com\/en\/wp-json\/wp\/v2\/comments?post=3"}],"version-history":[{"count":6,"href":"https:\/\/tienda.grantotem.com\/en\/wp-json\/wp\/v2\/pages\/3\/revisions"}],"predecessor-version":[{"id":2183,"href":"https:\/\/tienda.grantotem.com\/en\/wp-json\/wp\/v2\/pages\/3\/revisions\/2183"}],"wp:attachment":[{"href":"https:\/\/tienda.grantotem.com\/en\/wp-json\/wp\/v2\/media?parent=3"}],"curies":[{"name":"wp","href":"https:\/\/api.w.org\/{rel}","templated":true}]}}